{"id":32498,"date":"2026-04-19T09:15:40","date_gmt":"2026-04-19T07:15:40","guid":{"rendered":"https:\/\/bryzka.com\/?post_type=product&#038;p=32498"},"modified":"2026-04-19T09:24:31","modified_gmt":"2026-04-19T07:24:31","slug":"nerka-saszetka-koliber-z-bryzkowych","status":"publish","type":"product","link":"https:\/\/bryzka.com\/en\/produkt\/nerka-saszetka-koliber-z-bryzkowych\/","title":{"rendered":"Nerka saszetka Koliber z bryzkowych"},"content":{"rendered":"","protected":false},"excerpt":{"rendered":"<p>Nerka uszyta z tkanin obiciowych welurowych. Na froncie charakterystyczny koliber. Symbol, logo Bryzki. Symbolizuje lekko\u015b\u0107, rado\u015b\u0107 z \u017cycia i otwarto\u015b\u0107 na nowe.<\/p>\n<p>&nbsp;<\/p>\n","protected":false},"featured_media":32501,"template":"","meta":[],"product_brand":[],"product_cat":[109],"product_tag":[],"class_list":{"0":"post-32498","1":"product","2":"type-product","3":"status-publish","4":"has-post-thumbnail","6":"product_cat-nerki","8":"first","9":"instock","10":"shipping-taxable","11":"purchasable","12":"product-type-simple"},"_links":{"self":[{"href":"https:\/\/bryzka.com\/en\/wp-json\/wp\/v2\/product\/32498","targetHints":{"allow":["GET"]}}],"collection":[{"href":"https:\/\/bryzka.com\/en\/wp-json\/wp\/v2\/product"}],"about":[{"href":"https:\/\/bryzka.com\/en\/wp-json\/wp\/v2\/types\/product"}],"wp:featuredmedia":[{"embeddable":true,"href":"https:\/\/bryzka.com\/en\/wp-json\/wp\/v2\/media\/32501"}],"wp:attachment":[{"href":"https:\/\/bryzka.com\/en\/wp-json\/wp\/v2\/media?parent=32498"}],"wp:term":[{"taxonomy":"product_brand","embeddable":true,"href":"https:\/\/bryzka.com\/en\/wp-json\/wp\/v2\/product_brand?post=32498"},{"taxonomy":"product_cat","embeddable":true,"href":"https:\/\/bryzka.com\/en\/wp-json\/wp\/v2\/product_cat?post=32498"},{"taxonomy":"product_tag","embeddable":true,"href":"https:\/\/bryzka.com\/en\/wp-json\/wp\/v2\/product_tag?post=32498"}],"curies":[{"name":"wp","href":"https:\/\/api.w.org\/{rel}","templated":true}]}}