{"id":32484,"date":"2026-04-19T08:43:10","date_gmt":"2026-04-19T06:43:10","guid":{"rendered":"https:\/\/bryzka.com\/?post_type=product&#038;p=32484"},"modified":"2026-04-19T09:40:16","modified_gmt":"2026-04-19T07:40:16","slug":"nerka-saszetka-tatry","status":"publish","type":"product","link":"https:\/\/bryzka.com\/en\/produkt\/nerka-saszetka-tatry\/","title":{"rendered":"Nerka saszetka Tatry"},"content":{"rendered":"","protected":false},"excerpt":{"rendered":"<p>Nerka uszyta z p\u0142\u00f3tna \u017caglowego. Po\u0142\u0105czenie \u017cywio\u0142u wody, przep\u0142ywu, z ziemi\u0105, stabilno\u015bci\u0105.<\/p>\n","protected":false},"featured_media":32489,"template":"","meta":[],"product_brand":[],"product_cat":[109],"product_tag":[],"class_list":{"0":"post-32484","1":"product","2":"type-product","3":"status-publish","4":"has-post-thumbnail","6":"product_cat-nerki","8":"first","9":"instock","10":"shipping-taxable","11":"purchasable","12":"product-type-simple"},"_links":{"self":[{"href":"https:\/\/bryzka.com\/en\/wp-json\/wp\/v2\/product\/32484","targetHints":{"allow":["GET"]}}],"collection":[{"href":"https:\/\/bryzka.com\/en\/wp-json\/wp\/v2\/product"}],"about":[{"href":"https:\/\/bryzka.com\/en\/wp-json\/wp\/v2\/types\/product"}],"wp:featuredmedia":[{"embeddable":true,"href":"https:\/\/bryzka.com\/en\/wp-json\/wp\/v2\/media\/32489"}],"wp:attachment":[{"href":"https:\/\/bryzka.com\/en\/wp-json\/wp\/v2\/media?parent=32484"}],"wp:term":[{"taxonomy":"product_brand","embeddable":true,"href":"https:\/\/bryzka.com\/en\/wp-json\/wp\/v2\/product_brand?post=32484"},{"taxonomy":"product_cat","embeddable":true,"href":"https:\/\/bryzka.com\/en\/wp-json\/wp\/v2\/product_cat?post=32484"},{"taxonomy":"product_tag","embeddable":true,"href":"https:\/\/bryzka.com\/en\/wp-json\/wp\/v2\/product_tag?post=32484"}],"curies":[{"name":"wp","href":"https:\/\/api.w.org\/{rel}","templated":true}]}}