{"id":32445,"date":"2026-04-13T16:09:13","date_gmt":"2026-04-13T14:09:13","guid":{"rendered":"https:\/\/bryzka.com\/?post_type=product&#038;p=32445"},"modified":"2026-04-20T13:04:55","modified_gmt":"2026-04-20T11:04:55","slug":"nerka-saszetka-zagiel","status":"publish","type":"product","link":"https:\/\/bryzka.com\/en\/produkt\/nerka-saszetka-zagiel\/","title":{"rendered":"Nerka saszetka \u017bagiel"},"content":{"rendered":"","protected":false},"excerpt":{"rendered":"<p>Nerka uszyta z p\u0142\u00f3tna \u017caglowego kt\u00f3re p\u0142ywa\u0142o po morzach i oceanach. Unikat. W \u015brodku kieszonka z motywem marynistycznym.<\/p>\n","protected":false},"featured_media":32453,"template":"","meta":[],"product_brand":[],"product_cat":[109],"product_tag":[],"class_list":{"0":"post-32445","1":"product","2":"type-product","3":"status-publish","4":"has-post-thumbnail","6":"product_cat-nerki","8":"first","9":"instock","10":"shipping-taxable","11":"purchasable","12":"product-type-simple"},"_links":{"self":[{"href":"https:\/\/bryzka.com\/en\/wp-json\/wp\/v2\/product\/32445","targetHints":{"allow":["GET"]}}],"collection":[{"href":"https:\/\/bryzka.com\/en\/wp-json\/wp\/v2\/product"}],"about":[{"href":"https:\/\/bryzka.com\/en\/wp-json\/wp\/v2\/types\/product"}],"wp:featuredmedia":[{"embeddable":true,"href":"https:\/\/bryzka.com\/en\/wp-json\/wp\/v2\/media\/32453"}],"wp:attachment":[{"href":"https:\/\/bryzka.com\/en\/wp-json\/wp\/v2\/media?parent=32445"}],"wp:term":[{"taxonomy":"product_brand","embeddable":true,"href":"https:\/\/bryzka.com\/en\/wp-json\/wp\/v2\/product_brand?post=32445"},{"taxonomy":"product_cat","embeddable":true,"href":"https:\/\/bryzka.com\/en\/wp-json\/wp\/v2\/product_cat?post=32445"},{"taxonomy":"product_tag","embeddable":true,"href":"https:\/\/bryzka.com\/en\/wp-json\/wp\/v2\/product_tag?post=32445"}],"curies":[{"name":"wp","href":"https:\/\/api.w.org\/{rel}","templated":true}]}}