{"id":32372,"date":"2026-03-21T17:15:40","date_gmt":"2026-03-21T16:15:40","guid":{"rendered":"https:\/\/bryzka.com\/?post_type=product&#038;p=32372"},"modified":"2026-04-15T11:11:28","modified_gmt":"2026-04-15T09:11:28","slug":"nerka-saszetka-bonifacja","status":"publish","type":"product","link":"https:\/\/bryzka.com\/en\/produkt\/nerka-saszetka-bonifacja\/","title":{"rendered":"Nerka saszetka Bonifacja"},"content":{"rendered":"","protected":false},"excerpt":{"rendered":"<p>Gdzie ciemno\u015b\u0107 spotyka si\u0119 z jasno\u015bci\u0105, gdzie dzie\u0144 nast\u0119puje po nocy.<\/p>\n","protected":false},"featured_media":32376,"template":"","meta":[],"product_brand":[],"product_cat":[109,120],"product_tag":[],"class_list":{"0":"post-32372","1":"product","2":"type-product","3":"status-publish","4":"has-post-thumbnail","6":"product_cat-nerki","7":"product_cat-wyprzedaz","9":"first","10":"instock","11":"sale","12":"shipping-taxable","13":"purchasable","14":"product-type-simple"},"_links":{"self":[{"href":"https:\/\/bryzka.com\/en\/wp-json\/wp\/v2\/product\/32372","targetHints":{"allow":["GET"]}}],"collection":[{"href":"https:\/\/bryzka.com\/en\/wp-json\/wp\/v2\/product"}],"about":[{"href":"https:\/\/bryzka.com\/en\/wp-json\/wp\/v2\/types\/product"}],"wp:featuredmedia":[{"embeddable":true,"href":"https:\/\/bryzka.com\/en\/wp-json\/wp\/v2\/media\/32376"}],"wp:attachment":[{"href":"https:\/\/bryzka.com\/en\/wp-json\/wp\/v2\/media?parent=32372"}],"wp:term":[{"taxonomy":"product_brand","embeddable":true,"href":"https:\/\/bryzka.com\/en\/wp-json\/wp\/v2\/product_brand?post=32372"},{"taxonomy":"product_cat","embeddable":true,"href":"https:\/\/bryzka.com\/en\/wp-json\/wp\/v2\/product_cat?post=32372"},{"taxonomy":"product_tag","embeddable":true,"href":"https:\/\/bryzka.com\/en\/wp-json\/wp\/v2\/product_tag?post=32372"}],"curies":[{"name":"wp","href":"https:\/\/api.w.org\/{rel}","templated":true}]}}