{"id":32231,"date":"2026-03-16T13:42:13","date_gmt":"2026-03-16T12:42:13","guid":{"rendered":"https:\/\/bryzka.com\/?post_type=product&#038;p=32231"},"modified":"2026-03-18T18:04:49","modified_gmt":"2026-03-18T17:04:49","slug":"saszetka-beata","status":"publish","type":"product","link":"https:\/\/bryzka.com\/en\/produkt\/saszetka-beata\/","title":{"rendered":"Koszula Beata"},"content":{"rendered":"","protected":false},"excerpt":{"rendered":"<p>Unikatowa koszula z mankietami oraz wyci\u0119ciem w serek. Marszczona.<\/p>\n<p data-path-to-node=\"4\">Jest to kr\u00f3j kt\u00f3ry \u0142\u0105czy pasj\u0119 do tradycyjnego krawiectwa z nowoczesnym designem. To nie jest produkt z ta\u015bmy \u2013 to unikatowa koszula, kt\u00f3ra\u00a0 starannie zosta\u0142a uszyta przez Pani\u0105 Jadzi\u0119, 77-letni\u0105 mistrzyni\u0119 ig\u0142y z Marek, kt\u00f3ra w ka\u017cdy szew wk\u0142ada dekady do\u015bwiadczenia.<\/p>\n<ul data-path-to-node=\"5\">\n<li>\n<p data-path-to-node=\"5,0,0\"><b data-path-to-node=\"5,0,0\" data-index-in-node=\"0\">Design:<\/b> Elegancki, g\u0142\u0119boki dekolt V i romantyczne bufki spotykaj\u0105 si\u0119 tu z delikatnym, kowbojskim sznytem.<\/p>\n<\/li>\n<li>\n<p data-path-to-node=\"5,1,0\"><b data-path-to-node=\"5,1,0\" data-index-in-node=\"0\">Materia\u0142:<\/b> 100% naturalna bawe\u0142na \u2013 oddychaj\u0105ca i mi\u0142a dla sk\u00f3ry.<\/p>\n<\/li>\n<li>\n<p data-path-to-node=\"5,2,0\"><b data-path-to-node=\"5,2,0\" data-index-in-node=\"0\">Detale:<\/b> D\u0142ugie mankiety i charakterystyczne marszczenie pod biustem pi\u0119knie modeluj\u0105 sylwetk\u0119, nadaj\u0105c jej lekko\u015bci.<\/p>\n<\/li>\n<li>\n<p data-path-to-node=\"5,3,0\"><b data-path-to-node=\"5,3,0\" data-index-in-node=\"0\">Kolor:<\/b> Subtelny r\u00f3\u017c w drobny, klasyczny wz\u00f3r.<\/p>\n<\/li>\n<\/ul>\n<p data-path-to-node=\"6\">Wybieraj\u0105c t\u0119 koszul\u0119, wspierasz lokalne rzemios\u0142o i wybierasz mod\u0119, kt\u00f3ra ma swoj\u0105 histori\u0119.<\/p>\n<p data-path-to-node=\"6\">Wymiary:<\/p>\n<p data-path-to-node=\"6\">pod biustem, pod serkiem 42 cm<\/p>\n<p data-path-to-node=\"6\">biust 45 cm<\/p>\n<p data-path-to-node=\"6\">d\u0142. r\u0119kaw\u00f3w od \u015brodka 42 cm<\/p>\n<p data-path-to-node=\"6\">d\u0142. r\u0119kawa od g\u00f3ry 57 cm<\/p>\n<p data-path-to-node=\"6\">ty\u0142 70 cm<\/p>\n<p data-path-to-node=\"6\">\n","protected":false},"featured_media":32242,"template":"","meta":[],"product_brand":[],"product_cat":[109,99,111],"product_tag":[],"class_list":{"0":"post-32231","1":"product","2":"type-product","3":"status-publish","4":"has-post-thumbnail","6":"product_cat-nerki","7":"product_cat-sukienki","8":"product_cat-ubrania","10":"first","11":"instock","12":"shipping-taxable","13":"purchasable","14":"product-type-simple"},"_links":{"self":[{"href":"https:\/\/bryzka.com\/en\/wp-json\/wp\/v2\/product\/32231","targetHints":{"allow":["GET"]}}],"collection":[{"href":"https:\/\/bryzka.com\/en\/wp-json\/wp\/v2\/product"}],"about":[{"href":"https:\/\/bryzka.com\/en\/wp-json\/wp\/v2\/types\/product"}],"wp:featuredmedia":[{"embeddable":true,"href":"https:\/\/bryzka.com\/en\/wp-json\/wp\/v2\/media\/32242"}],"wp:attachment":[{"href":"https:\/\/bryzka.com\/en\/wp-json\/wp\/v2\/media?parent=32231"}],"wp:term":[{"taxonomy":"product_brand","embeddable":true,"href":"https:\/\/bryzka.com\/en\/wp-json\/wp\/v2\/product_brand?post=32231"},{"taxonomy":"product_cat","embeddable":true,"href":"https:\/\/bryzka.com\/en\/wp-json\/wp\/v2\/product_cat?post=32231"},{"taxonomy":"product_tag","embeddable":true,"href":"https:\/\/bryzka.com\/en\/wp-json\/wp\/v2\/product_tag?post=32231"}],"curies":[{"name":"wp","href":"https:\/\/api.w.org\/{rel}","templated":true}]}}