{"id":30956,"date":"2025-11-01T16:18:52","date_gmt":"2025-11-01T15:18:52","guid":{"rendered":"https:\/\/bryzka.com\/?post_type=product&#038;p=30956"},"modified":"2026-02-02T14:47:05","modified_gmt":"2026-02-02T13:47:05","slug":"nerka-saszetka-sun-flower","status":"publish","type":"product","link":"https:\/\/bryzka.com\/en\/produkt\/nerka-saszetka-sun-flower\/","title":{"rendered":"Nerka saszetka Sun flower"},"content":{"rendered":"","protected":false},"excerpt":{"rendered":"<p data-start=\"0\" data-end=\"56\">? <strong data-start=\"3\" data-end=\"51\">Handmade Patchwork Waist Bag \u2013 Recycled Soul<\/strong> \u267b\ufe0f<\/p>\n<p data-start=\"58\" data-end=\"204\">Ta wyj\u0105tkowa <strong data-start=\"71\" data-end=\"89\">nerka handmade<\/strong> zosta\u0142a uszyta w duchu <strong data-start=\"113\" data-end=\"127\">zero waste<\/strong>, z <strong data-start=\"131\" data-end=\"151\">tkanin z odzysku<\/strong> \u2013 ka\u017cda sztuka to ma\u0142e dzie\u0142o sztuki z histori\u0105 ?<\/p>\n<p data-start=\"206\" data-end=\"537\">Na froncie znajduje si\u0119 kompozycja <strong data-start=\"241\" data-end=\"270\">patchworkowych materia\u0142\u00f3w<\/strong> w ciep\u0142ych, ziemistych barwach: z\u0142ociste hafty, welur, motyw panterki i po\u0142yskuj\u0105ce tkaniny tworz\u0105 razem niezwykle bogaty, artystyczny wz\u00f3r \u2728Zszyte ze sob\u0105 \u015bciegiem zygzakowatym nitk\u0105 w kolorze czerwieni.<br data-start=\"412\" data-end=\"415\" \/>Ca\u0142o\u015b\u0107 uzupe\u0142nia <strong data-start=\"432\" data-end=\"462\">solidny zamek b\u0142yskawiczny<\/strong> w kolorze starego z\u0142ota oraz <strong data-start=\"492\" data-end=\"512\">regulowany pasek<\/strong> z etnicznym motywem ?<\/p>\n<p data-start=\"539\" data-end=\"570\">? <strong data-start=\"542\" data-end=\"568\">Dlaczego j\u0105 pokochasz:<\/strong><\/p>\n<ul data-start=\"571\" data-end=\"802\">\n<li data-start=\"571\" data-end=\"621\">\n<p data-start=\"573\" data-end=\"621\">Uszyta z mi\u0142o\u015bci\u0105 i dba\u0142o\u015bci\u0105 o ka\u017cdy detal ?<\/p>\n<\/li>\n<li data-start=\"622\" data-end=\"684\">\n<p data-start=\"624\" data-end=\"684\">Powsta\u0142a z materia\u0142\u00f3w z odzysku \u2013 przyjazna dla planety \u267b\ufe0f<\/p>\n<\/li>\n<li data-start=\"685\" data-end=\"740\">\n<p data-start=\"687\" data-end=\"740\">Idealna na co dzie\u0144, festiwal, spacer lub podr\u00f3\u017c ?<\/p>\n<\/li>\n<li data-start=\"741\" data-end=\"802\">\n<p data-start=\"743\" data-end=\"802\">Jedyna w swoim rodzaju \u2013 <strong data-start=\"768\" data-end=\"797\">niepowtarzalny egzemplarz<\/strong> ?<\/p>\n<\/li>\n<\/ul>\n<p data-start=\"804\" data-end=\"993\">\u2728 <strong data-start=\"806\" data-end=\"815\">Styl:<\/strong> boho \/ vintage \/ eco-art<br data-start=\"840\" data-end=\"843\" \/>? <strong data-start=\"846\" data-end=\"860\">Materia\u0142y:<\/strong> tkaniny z odzysku, haft, welur, bawe\u0142na, sk\u00f3ry<br data-start=\"916\" data-end=\"919\" \/>? <strong data-start=\"922\" data-end=\"934\">Wymiary:<\/strong> idealne na telefon, klucze i najpotrzebniejsze drobiazgi<\/p>\n","protected":false},"featured_media":30962,"template":"","meta":[],"product_brand":[],"product_cat":[109],"product_tag":[],"class_list":{"0":"post-30956","1":"product","2":"type-product","3":"status-publish","4":"has-post-thumbnail","6":"product_cat-nerki","8":"first","9":"instock","10":"shipping-taxable","11":"purchasable","12":"product-type-simple"},"_links":{"self":[{"href":"https:\/\/bryzka.com\/en\/wp-json\/wp\/v2\/product\/30956","targetHints":{"allow":["GET"]}}],"collection":[{"href":"https:\/\/bryzka.com\/en\/wp-json\/wp\/v2\/product"}],"about":[{"href":"https:\/\/bryzka.com\/en\/wp-json\/wp\/v2\/types\/product"}],"wp:featuredmedia":[{"embeddable":true,"href":"https:\/\/bryzka.com\/en\/wp-json\/wp\/v2\/media\/30962"}],"wp:attachment":[{"href":"https:\/\/bryzka.com\/en\/wp-json\/wp\/v2\/media?parent=30956"}],"wp:term":[{"taxonomy":"product_brand","embeddable":true,"href":"https:\/\/bryzka.com\/en\/wp-json\/wp\/v2\/product_brand?post=30956"},{"taxonomy":"product_cat","embeddable":true,"href":"https:\/\/bryzka.com\/en\/wp-json\/wp\/v2\/product_cat?post=30956"},{"taxonomy":"product_tag","embeddable":true,"href":"https:\/\/bryzka.com\/en\/wp-json\/wp\/v2\/product_tag?post=30956"}],"curies":[{"name":"wp","href":"https:\/\/api.w.org\/{rel}","templated":true}]}}