{"id":29264,"date":"2025-06-12T22:23:24","date_gmt":"2025-06-12T20:23:24","guid":{"rendered":"https:\/\/bryzka.com\/?post_type=product&#038;p=29264"},"modified":"2026-03-09T21:11:31","modified_gmt":"2026-03-09T20:11:31","slug":"nerka-saszetka-lacrimosa","status":"publish","type":"product","link":"https:\/\/bryzka.com\/en\/produkt\/nerka-saszetka-lacrimosa\/","title":{"rendered":"Nerka saszetka Lacrimosa"},"content":{"rendered":"","protected":false},"excerpt":{"rendered":"<p>Nerka w rozmiarze M. Nerka z symetrycznym wzorem na froncie. W centralnym punkcie widnieje konik morski. Nerka w bizantyjskim stylu. Unikat. Dodatki z\u0142ote.<\/p>\n<p>Mo\u017cliwo\u015b\u0107 dopasowania innego paska.<\/p>\n","protected":false},"featured_media":29270,"template":"","meta":[],"product_brand":[],"product_cat":[109],"product_tag":[],"class_list":{"0":"post-29264","1":"product","2":"type-product","3":"status-publish","4":"has-post-thumbnail","6":"product_cat-nerki","8":"first","9":"instock","10":"shipping-taxable","11":"purchasable","12":"product-type-simple"},"_links":{"self":[{"href":"https:\/\/bryzka.com\/en\/wp-json\/wp\/v2\/product\/29264","targetHints":{"allow":["GET"]}}],"collection":[{"href":"https:\/\/bryzka.com\/en\/wp-json\/wp\/v2\/product"}],"about":[{"href":"https:\/\/bryzka.com\/en\/wp-json\/wp\/v2\/types\/product"}],"wp:featuredmedia":[{"embeddable":true,"href":"https:\/\/bryzka.com\/en\/wp-json\/wp\/v2\/media\/29270"}],"wp:attachment":[{"href":"https:\/\/bryzka.com\/en\/wp-json\/wp\/v2\/media?parent=29264"}],"wp:term":[{"taxonomy":"product_brand","embeddable":true,"href":"https:\/\/bryzka.com\/en\/wp-json\/wp\/v2\/product_brand?post=29264"},{"taxonomy":"product_cat","embeddable":true,"href":"https:\/\/bryzka.com\/en\/wp-json\/wp\/v2\/product_cat?post=29264"},{"taxonomy":"product_tag","embeddable":true,"href":"https:\/\/bryzka.com\/en\/wp-json\/wp\/v2\/product_tag?post=29264"}],"curies":[{"name":"wp","href":"https:\/\/api.w.org\/{rel}","templated":true}]}}