{"id":29040,"date":"2025-06-03T17:04:07","date_gmt":"2025-06-03T15:04:07","guid":{"rendered":"https:\/\/bryzka.com\/?post_type=product&#038;p=29040"},"modified":"2026-02-21T21:05:22","modified_gmt":"2026-02-21T20:05:22","slug":"nerka-saszetka-klara","status":"publish","type":"product","link":"https:\/\/bryzka.com\/en\/produkt\/nerka-saszetka-klara\/","title":{"rendered":"Nerka saszetka Klara"},"content":{"rendered":"","protected":false},"excerpt":{"rendered":"<p>Nerka w rozmiarze M. Uszyta z tkanin obiciowych. Nerka ozdobna, delikatne tasiemki \u017cakardowe na froncie.<\/p>\n<p>Nerka jest zdobna, na froncie motyw wa\u017cki &#8211; symbolu transformacji.<\/p>\n<p>Unikat. Zamek YKK.<\/p>\n<p>Nerk\u0119 czy\u015bci\u0107 wilgotn\u0105 \u015bciereczk\u0105, raz na rok przepra\u0107 r\u0119cznie.<\/p>\n<p>&nbsp;<\/p>\n<p>&nbsp;<\/p>\n","protected":false},"featured_media":29042,"template":"","meta":[],"product_brand":[],"product_cat":[109],"product_tag":[],"class_list":{"0":"post-29040","1":"product","2":"type-product","3":"status-publish","4":"has-post-thumbnail","6":"product_cat-nerki","8":"first","9":"instock","10":"shipping-taxable","11":"purchasable","12":"product-type-simple"},"_links":{"self":[{"href":"https:\/\/bryzka.com\/en\/wp-json\/wp\/v2\/product\/29040","targetHints":{"allow":["GET"]}}],"collection":[{"href":"https:\/\/bryzka.com\/en\/wp-json\/wp\/v2\/product"}],"about":[{"href":"https:\/\/bryzka.com\/en\/wp-json\/wp\/v2\/types\/product"}],"wp:featuredmedia":[{"embeddable":true,"href":"https:\/\/bryzka.com\/en\/wp-json\/wp\/v2\/media\/29042"}],"wp:attachment":[{"href":"https:\/\/bryzka.com\/en\/wp-json\/wp\/v2\/media?parent=29040"}],"wp:term":[{"taxonomy":"product_brand","embeddable":true,"href":"https:\/\/bryzka.com\/en\/wp-json\/wp\/v2\/product_brand?post=29040"},{"taxonomy":"product_cat","embeddable":true,"href":"https:\/\/bryzka.com\/en\/wp-json\/wp\/v2\/product_cat?post=29040"},{"taxonomy":"product_tag","embeddable":true,"href":"https:\/\/bryzka.com\/en\/wp-json\/wp\/v2\/product_tag?post=29040"}],"curies":[{"name":"wp","href":"https:\/\/api.w.org\/{rel}","templated":true}]}}