{"id":19829,"date":"2023-06-19T13:46:25","date_gmt":"2023-06-19T11:46:25","guid":{"rendered":"https:\/\/bryzka.com\/?post_type=product&#038;p=19829"},"modified":"2026-03-21T07:48:59","modified_gmt":"2026-03-21T06:48:59","slug":"komplet-unicorn-r-s","status":"publish","type":"product","link":"https:\/\/bryzka.com\/en\/produkt\/komplet-unicorn-r-s\/","title":{"rendered":"Komplet Unicorn r.s"},"content":{"rendered":"","protected":false},"excerpt":{"rendered":"<p>R. S &#8211; 36\/38.<\/p>\n<p>Rozkoszny komplet sk\u0142adaj\u0105cy si\u0119 z pantalon\u00f3w (spodenek) i bluzeczki z falbank\u0105 we wz\u00f3r we flamingi. Komplety s\u0105 idealne do chodzenia po domu, pla\u017cy, festiwalu. Bluzeczk\u0105 pasuje r\u00f3wnie\u017c do jeans\u00f3w.<\/p>\n<p>Wymiary na p\u0142asko:<\/p>\n<p>BLUZECZKA<\/p>\n<p>gumka nad biustem: 37 cm, rozci\u0105gliwa do 46 cm.<\/p>\n<p>d\u0142. bez rami\u0105czek: 27 cm<\/p>\n<p>rami\u0105czka 33 cm, z zapasem 4 cm (rami\u0105czka s\u0105 podszyte, gdyby by\u0142y za kr\u00f3tkie, mo\u017cna je przed\u0142u\u017cy\u0107)<\/p>\n<p>PANTALONY:<\/p>\n<p>gumka: 33 cm, d\u0142ugo\u015b\u0107 po rozci\u0105gni\u0119ciu 44 cm.<\/p>\n<p>d\u0142. 35 cm.<\/p>\n<p>Modeli nosz\u0105 rozmiar ubra\u0144 S.<\/p>\n","protected":false},"featured_media":19838,"template":"","meta":[],"product_brand":[],"product_cat":[120,111,112],"product_tag":[],"class_list":{"0":"post-19829","1":"product","2":"type-product","3":"status-publish","4":"has-post-thumbnail","6":"product_cat-wyprzedaz","7":"product_cat-ubrania","8":"product_cat-rozkoszne-komplety","10":"first","11":"instock","12":"shipping-taxable","13":"purchasable","14":"product-type-simple"},"_links":{"self":[{"href":"https:\/\/bryzka.com\/en\/wp-json\/wp\/v2\/product\/19829","targetHints":{"allow":["GET"]}}],"collection":[{"href":"https:\/\/bryzka.com\/en\/wp-json\/wp\/v2\/product"}],"about":[{"href":"https:\/\/bryzka.com\/en\/wp-json\/wp\/v2\/types\/product"}],"wp:featuredmedia":[{"embeddable":true,"href":"https:\/\/bryzka.com\/en\/wp-json\/wp\/v2\/media\/19838"}],"wp:attachment":[{"href":"https:\/\/bryzka.com\/en\/wp-json\/wp\/v2\/media?parent=19829"}],"wp:term":[{"taxonomy":"product_brand","embeddable":true,"href":"https:\/\/bryzka.com\/en\/wp-json\/wp\/v2\/product_brand?post=19829"},{"taxonomy":"product_cat","embeddable":true,"href":"https:\/\/bryzka.com\/en\/wp-json\/wp\/v2\/product_cat?post=19829"},{"taxonomy":"product_tag","embeddable":true,"href":"https:\/\/bryzka.com\/en\/wp-json\/wp\/v2\/product_tag?post=19829"}],"curies":[{"name":"wp","href":"https:\/\/api.w.org\/{rel}","templated":true}]}}