{"id":14261,"date":"2023-02-14T09:42:13","date_gmt":"2023-02-14T08:42:13","guid":{"rendered":"https:\/\/bryzka.com\/?post_type=product&#038;p=14261"},"modified":"2026-03-09T21:15:24","modified_gmt":"2026-03-09T20:15:24","slug":"kamizelka-vest-driada","status":"publish","type":"product","link":"https:\/\/bryzka.com\/en\/produkt\/kamizelka-vest-driada\/","title":{"rendered":"Kamizelka vest Driada"},"content":{"rendered":"","protected":false},"excerpt":{"rendered":"<p>Kamizelka z unikatowej tkaniny bawe\u0142nianej w wz\u00f3r dojrza\u0142ych owoc\u00f3w (jedna strona), oraz tygrysa z zielonymi li\u015b\u0107mi (druga storna).<\/p>\n<p>Kamizelka ta mo\u017ce by\u0107 super dodatkiem do zwyk\u0142ego, szarego stroju. Kamizelka jest dwustronna! Typ oversize zbli\u017cony do M\/L.<\/p>\n<p>Modelka ma 160 cm, nosi r. S.<\/p>\n<p>Wymiary kamizelki na p\u0142asko:<\/p>\n<p>61 cm prz\u00f3d d\u0142ugo\u015b\u0107, ty\u0142 60 cm d\u0142ugo\u015b\u0107, szeroko\u015b\u0107 prz\u00f3d (zamkni\u0119ta kamizelka) 53 cm.<\/p>\n<p>&nbsp;<\/p>\n<p>&nbsp;<\/p>\n","protected":false},"featured_media":14259,"template":"","meta":[],"product_brand":[],"product_cat":[118,111],"product_tag":[],"class_list":{"0":"post-14261","1":"product","2":"type-product","3":"status-publish","4":"has-post-thumbnail","6":"product_cat-kamizelki","7":"product_cat-ubrania","9":"first","10":"instock","11":"shipping-taxable","12":"purchasable","13":"product-type-simple"},"_links":{"self":[{"href":"https:\/\/bryzka.com\/en\/wp-json\/wp\/v2\/product\/14261","targetHints":{"allow":["GET"]}}],"collection":[{"href":"https:\/\/bryzka.com\/en\/wp-json\/wp\/v2\/product"}],"about":[{"href":"https:\/\/bryzka.com\/en\/wp-json\/wp\/v2\/types\/product"}],"wp:featuredmedia":[{"embeddable":true,"href":"https:\/\/bryzka.com\/en\/wp-json\/wp\/v2\/media\/14259"}],"wp:attachment":[{"href":"https:\/\/bryzka.com\/en\/wp-json\/wp\/v2\/media?parent=14261"}],"wp:term":[{"taxonomy":"product_brand","embeddable":true,"href":"https:\/\/bryzka.com\/en\/wp-json\/wp\/v2\/product_brand?post=14261"},{"taxonomy":"product_cat","embeddable":true,"href":"https:\/\/bryzka.com\/en\/wp-json\/wp\/v2\/product_cat?post=14261"},{"taxonomy":"product_tag","embeddable":true,"href":"https:\/\/bryzka.com\/en\/wp-json\/wp\/v2\/product_tag?post=14261"}],"curies":[{"name":"wp","href":"https:\/\/api.w.org\/{rel}","templated":true}]}}