{"id":14199,"date":"2023-02-13T21:58:07","date_gmt":"2023-02-13T20:58:07","guid":{"rendered":"https:\/\/bryzka.com\/?post_type=product&#038;p=14199"},"modified":"2026-03-09T21:15:05","modified_gmt":"2026-03-09T20:15:05","slug":"kamizelka-vest-folk","status":"publish","type":"product","link":"https:\/\/bryzka.com\/en\/produkt\/kamizelka-vest-folk\/","title":{"rendered":"Kamizelka vest Folk"},"content":{"rendered":"","protected":false},"excerpt":{"rendered":"<p>Kamizelka z unikatowej tkaniny bawe\u0142nianej (wcze\u015bniej by\u0142a to afryka\u0144ska sukienka), wyj\u0105tkowe wzory, jedyna taka.<\/p>\n<p>Kamizelka ta mo\u017ce by\u0107 super dodatkiem do zwyk\u0142ego, szarego stroju. Kamizelka jest dwustronna!<\/p>\n<p>Modelka ma 160 cm.<\/p>\n<p>Wymiary kamizelki na p\u0142asko:<\/p>\n<p>56 cm prz\u00f3d d\u0142ugo\u015b\u0107, ty\u0142 57 cm d\u0142ugo\u015b\u0107, szeroko\u015b\u0107 prz\u00f3d (zamkni\u0119ta kamizelka) 53cm.<\/p>\n<p>&nbsp;<\/p>\n<p>Unisex.<\/p>\n<p>Artystyczne r\u0119kodzie\u0142o craft z Polski szyte przez Matk\u0119 krawcow\u0105 i c\u00f3rk\u0119 artystk\u0119.<\/p>\n<p>W razie pyta\u0144 zapraszam do kontaktu: kontakt@bryzka.com<\/p>\n<p>Gwarancja, mo\u017cliwo\u015b\u0107 zwrotu do 14 dni.<\/p>\n<p>&nbsp;<\/p>\n<p>&nbsp;<\/p>\n","protected":false},"featured_media":14206,"template":"","meta":[],"product_brand":[],"product_cat":[118,111],"product_tag":[],"class_list":{"0":"post-14199","1":"product","2":"type-product","3":"status-publish","4":"has-post-thumbnail","6":"product_cat-kamizelki","7":"product_cat-ubrania","9":"first","10":"instock","11":"shipping-taxable","12":"purchasable","13":"product-type-simple"},"_links":{"self":[{"href":"https:\/\/bryzka.com\/en\/wp-json\/wp\/v2\/product\/14199","targetHints":{"allow":["GET"]}}],"collection":[{"href":"https:\/\/bryzka.com\/en\/wp-json\/wp\/v2\/product"}],"about":[{"href":"https:\/\/bryzka.com\/en\/wp-json\/wp\/v2\/types\/product"}],"wp:featuredmedia":[{"embeddable":true,"href":"https:\/\/bryzka.com\/en\/wp-json\/wp\/v2\/media\/14206"}],"wp:attachment":[{"href":"https:\/\/bryzka.com\/en\/wp-json\/wp\/v2\/media?parent=14199"}],"wp:term":[{"taxonomy":"product_brand","embeddable":true,"href":"https:\/\/bryzka.com\/en\/wp-json\/wp\/v2\/product_brand?post=14199"},{"taxonomy":"product_cat","embeddable":true,"href":"https:\/\/bryzka.com\/en\/wp-json\/wp\/v2\/product_cat?post=14199"},{"taxonomy":"product_tag","embeddable":true,"href":"https:\/\/bryzka.com\/en\/wp-json\/wp\/v2\/product_tag?post=14199"}],"curies":[{"name":"wp","href":"https:\/\/api.w.org\/{rel}","templated":true}]}}