{"id":11551,"date":"2022-04-28T13:59:46","date_gmt":"2022-04-28T11:59:46","guid":{"rendered":"https:\/\/bryzka.com\/?post_type=product&#038;p=11551"},"modified":"2026-03-09T21:15:12","modified_gmt":"2026-03-09T20:15:12","slug":"komplet-green-flax","status":"publish","type":"product","link":"https:\/\/bryzka.com\/en\/produkt\/komplet-green-flax\/","title":{"rendered":"Komplet Green flax r. s\/m"},"content":{"rendered":"","protected":false},"excerpt":{"rendered":"<p>R. S &#8211; 36\/38.<\/p>\n<p>Rozkoszny lniany komplet sk\u0142adaj\u0105cy si\u0119 z pantalon\u00f3w (spodenek) i bluzeczki z falbank\u0105. Komplety s\u0105 idealne do chodzenia po domu, pla\u017cy, festiwalu. Bluzeczk\u0105 pasuje r\u00f3wnie\u017c do jeans\u00f3w.<\/p>\n<p>Wymiary na p\u0142asko:<\/p>\n<p>BLUZECZKA<\/p>\n<p>gumka na p\u0142asko nad biustem: 37 cm, rozci\u0105gliwa do 47 cm.<\/p>\n<p>d\u0142. bez rami\u0105czek: 29 cm<\/p>\n<p>rami\u0105czka 33 cm, z zapasem 4 cm (rami\u0105czka s\u0105 podszyte, gdyby by\u0142y za kr\u00f3tkie, mo\u017cna je przed\u0142u\u017cy\u0107)<\/p>\n<p>PANTALONY:<\/p>\n<p>gumka: 33 cm na p\u0142asko, rozci\u0105gliwa do 46 cm.<\/p>\n<p>d\u0142. 28 cm.<\/p>\n<p>Dla os\u00f3b nosz\u0105cych rozmiar S\/M. Modelki na zdj\u0119ciach nosz\u0105 r. S.<\/p>\n","protected":false},"featured_media":11555,"template":"","meta":[],"product_brand":[],"product_cat":[112,111],"product_tag":[],"class_list":{"0":"post-11551","1":"product","2":"type-product","3":"status-publish","4":"has-post-thumbnail","6":"product_cat-rozkoszne-komplety","7":"product_cat-ubrania","9":"first","10":"instock","11":"shipping-taxable","12":"purchasable","13":"product-type-simple"},"_links":{"self":[{"href":"https:\/\/bryzka.com\/en\/wp-json\/wp\/v2\/product\/11551","targetHints":{"allow":["GET"]}}],"collection":[{"href":"https:\/\/bryzka.com\/en\/wp-json\/wp\/v2\/product"}],"about":[{"href":"https:\/\/bryzka.com\/en\/wp-json\/wp\/v2\/types\/product"}],"wp:featuredmedia":[{"embeddable":true,"href":"https:\/\/bryzka.com\/en\/wp-json\/wp\/v2\/media\/11555"}],"wp:attachment":[{"href":"https:\/\/bryzka.com\/en\/wp-json\/wp\/v2\/media?parent=11551"}],"wp:term":[{"taxonomy":"product_brand","embeddable":true,"href":"https:\/\/bryzka.com\/en\/wp-json\/wp\/v2\/product_brand?post=11551"},{"taxonomy":"product_cat","embeddable":true,"href":"https:\/\/bryzka.com\/en\/wp-json\/wp\/v2\/product_cat?post=11551"},{"taxonomy":"product_tag","embeddable":true,"href":"https:\/\/bryzka.com\/en\/wp-json\/wp\/v2\/product_tag?post=11551"}],"curies":[{"name":"wp","href":"https:\/\/api.w.org\/{rel}","templated":true}]}}