{"id":10196,"date":"2021-11-21T16:53:52","date_gmt":"2021-11-21T15:53:52","guid":{"rendered":"https:\/\/bryzka.com\/?post_type=product&#038;p=10196"},"modified":"2026-02-03T14:46:37","modified_gmt":"2026-02-03T13:46:37","slug":"bon-upominkowy-300-zl","status":"publish","type":"product","link":"https:\/\/bryzka.com\/en\/produkt\/bon-upominkowy-300-zl\/","title":{"rendered":"Bon upominkowy 300 z\u0142"},"content":{"rendered":"","protected":false},"excerpt":{"rendered":"<p>Bon upominkowy na kwot\u0119 300 z\u0142<\/p>\n<p>REGULAMIN BONU<\/p>\n<ol>\n<li>Zakup bonu upominkowego jest r\u00f3wnoznaczny z akceptacj\u0105 tego regulaminu.<\/li>\n<li>Kupuj\u0105c bon upominkowy w sklepie bryzka.com kupujesz bon do zrealizowania <b>tylko w sklepie online<\/b>. Bon nie jest wa\u017cny sklepach stacjonarnie oraz przy zam\u00f3wieniach indywidualnych.<\/li>\n<li>Po zakupie bonu i op\u0142acaniu go, wy\u015bl\u0119 Ci tre\u015b\u0107 unikalnego kodu wiadomo\u015bci\u0105 e-mail oraz grafik\u0119 bonu do ewentualnego wydrukowania.<\/li>\n<li>Kod jest jednorazowy, mo\u017cna wykorzysta\u0107 go przy jednym zam\u00f3wieniu.<\/li>\n<li>Kod ma termin wa\u017cno\u015bci &#8211; 90 dni od daty jego zakupu.<\/li>\n<li>Aby wykorzysta\u0107 bon, nale\u017cy wpisa\u0107 przypisany do niego kod w polu &#8220;masz kupon?&#8221; podczas sk\u0142adania zam\u00f3wienia.<\/li>\n<li>Niewykorzystana kwota bonu nie podlega zwrotowi.<\/li>\n<li>Bon\u00f3w nie mo\u017cna \u0142\u0105czy\u0107.<\/li>\n<li>Bon mo\u017ce by\u0107 wydrukowany na dowolnej drukarce lub przes\u0142any np. na telefon.<\/li>\n<li>\u00a0Mo\u017cesz za\u017cyczy\u0107 sobie specjaln\u0105 tre\u015b\u0107 kodu, napisz w tej sprawie.<\/li>\n<\/ol>\n<p>W razie pyta\u0144: kontakt@bryzka.com<\/p>\n","protected":false},"featured_media":21774,"template":"","meta":[],"product_brand":[],"product_cat":[106],"product_tag":[],"class_list":{"0":"post-10196","1":"product","2":"type-product","3":"status-publish","4":"has-post-thumbnail","6":"product_cat-bony_podarunkowe","8":"first","9":"instock","10":"virtual","11":"purchasable","12":"product-type-simple"},"_links":{"self":[{"href":"https:\/\/bryzka.com\/en\/wp-json\/wp\/v2\/product\/10196","targetHints":{"allow":["GET"]}}],"collection":[{"href":"https:\/\/bryzka.com\/en\/wp-json\/wp\/v2\/product"}],"about":[{"href":"https:\/\/bryzka.com\/en\/wp-json\/wp\/v2\/types\/product"}],"wp:featuredmedia":[{"embeddable":true,"href":"https:\/\/bryzka.com\/en\/wp-json\/wp\/v2\/media\/21774"}],"wp:attachment":[{"href":"https:\/\/bryzka.com\/en\/wp-json\/wp\/v2\/media?parent=10196"}],"wp:term":[{"taxonomy":"product_brand","embeddable":true,"href":"https:\/\/bryzka.com\/en\/wp-json\/wp\/v2\/product_brand?post=10196"},{"taxonomy":"product_cat","embeddable":true,"href":"https:\/\/bryzka.com\/en\/wp-json\/wp\/v2\/product_cat?post=10196"},{"taxonomy":"product_tag","embeddable":true,"href":"https:\/\/bryzka.com\/en\/wp-json\/wp\/v2\/product_tag?post=10196"}],"curies":[{"name":"wp","href":"https:\/\/api.w.org\/{rel}","templated":true}]}}