{"id":19628,"date":"2022-01-02T16:37:45","date_gmt":"2022-01-02T15:37:45","guid":{"rendered":"https:\/\/bryzka.com\/o-mnie\/"},"modified":"2024-04-19T15:05:59","modified_gmt":"2024-04-19T13:05:59","slug":"about-me","status":"publish","type":"page","link":"https:\/\/bryzka.com\/en\/about-me\/","title":{"rendered":"About me"},"content":{"rendered":"\t\t<div data-elementor-type=\"wp-post\" data-elementor-id=\"19628\" class=\"elementor elementor-19628 elementor-10513\" data-elementor-post-type=\"page\">\n\t\t\t\t\t\t<section class=\"elementor-section elementor-top-section elementor-element elementor-element-02e7843 elementor-section-height-full elementor-hidden-tablet elementor-hidden-mobile elementor-section-boxed elementor-section-height-default elementor-section-items-middle\" data-id=\"02e7843\" data-element_type=\"section\" data-settings=\"{&quot;background_background&quot;:&quot;classic&quot;}\">\n\t\t\t\t\t\t<div class=\"elementor-container elementor-column-gap-default\">\n\t\t\t\t\t<div class=\"elementor-column elementor-col-100 elementor-top-column elementor-element elementor-element-c6ad914\" data-id=\"c6ad914\" data-element_type=\"column\">\n\t\t\t<div class=\"elementor-widget-wrap elementor-element-populated\">\n\t\t\t\t\t\t<div class=\"elementor-element elementor-element-4b8a551 elementor-widget elementor-widget-heading\" data-id=\"4b8a551\" data-element_type=\"widget\" data-widget_type=\"heading.default\">\n\t\t\t\t<div class=\"elementor-widget-container\">\n\t\t\t\t\t<h2 class=\"elementor-heading-title elementor-size-default\">You can't change the world, but you can change your purse...<\/h2>\t\t\t\t<\/div>\n\t\t\t\t<\/div>\n\t\t\t\t\t<\/div>\n\t\t<\/div>\n\t\t\t\t\t<\/div>\n\t\t<\/section>\n\t\t\t\t<section class=\"elementor-section elementor-top-section elementor-element elementor-element-6b95645 elementor-section-height-min-height elementor-hidden-desktop elementor-section-boxed elementor-section-height-default elementor-section-items-middle\" data-id=\"6b95645\" data-element_type=\"section\" data-settings=\"{&quot;background_background&quot;:&quot;classic&quot;}\">\n\t\t\t\t\t\t<div class=\"elementor-container elementor-column-gap-default\">\n\t\t\t\t\t<div class=\"elementor-column elementor-col-100 elementor-top-column elementor-element elementor-element-b9688a7\" data-id=\"b9688a7\" data-element_type=\"column\">\n\t\t\t<div class=\"elementor-widget-wrap elementor-element-populated\">\n\t\t\t\t\t\t<div class=\"elementor-element elementor-element-944dfc8 elementor-widget elementor-widget-heading\" data-id=\"944dfc8\" data-element_type=\"widget\" data-widget_type=\"heading.default\">\n\t\t\t\t<div class=\"elementor-widget-container\">\n\t\t\t\t\t<h2 class=\"elementor-heading-title elementor-size-default\">\u015bwiata nie zmienisz, ale nerk\u0119 mo\u017cesz<\/h2>\t\t\t\t<\/div>\n\t\t\t\t<\/div>\n\t\t\t\t\t<\/div>\n\t\t<\/div>\n\t\t\t\t\t<\/div>\n\t\t<\/section>\n\t\t\t\t<section class=\"elementor-section elementor-top-section elementor-element elementor-element-dbfa43a elementor-section-boxed elementor-section-height-default elementor-section-height-default\" data-id=\"dbfa43a\" data-element_type=\"section\" data-settings=\"{&quot;background_background&quot;:&quot;classic&quot;}\">\n\t\t\t\t\t\t<div class=\"elementor-container elementor-column-gap-default\">\n\t\t\t\t\t<div class=\"elementor-column elementor-col-100 elementor-top-column elementor-element elementor-element-3ea779f\" data-id=\"3ea779f\" data-element_type=\"column\">\n\t\t\t<div class=\"elementor-widget-wrap elementor-element-populated\">\n\t\t\t\t\t\t<div class=\"elementor-element elementor-element-c538075 elementor-widget elementor-widget-text-editor\" data-id=\"c538075\" data-element_type=\"widget\" data-widget_type=\"text-editor.default\">\n\t\t\t\t<div class=\"elementor-widget-container\">\n\t\t\t\t\t\t\t\t\t<p>Bryzka was born out of a need for independence and rebellion against consumerism. Our<br \/>products are a response to mass production, the fast pace of life, and the pursuit of novelty.<br \/>Most of what we need to produce our waist packs has already been manufactured. With a few<br \/>pairs of hands, we&#8217;re able to conjure up unique and one-of-a-kind bags from materials that<br \/>are 100% second-hand or destined for disposal.<\/p>\t\t\t\t\t\t\t\t<\/div>\n\t\t\t\t<\/div>\n\t\t\t\t<div class=\"elementor-element elementor-element-46ceedb elementor-widget-divider--view-line elementor-widget elementor-widget-divider\" data-id=\"46ceedb\" data-element_type=\"widget\" data-widget_type=\"divider.default\">\n\t\t\t\t<div class=\"elementor-widget-container\">\n\t\t\t\t\t\t\t<div class=\"elementor-divider\">\n\t\t\t<span class=\"elementor-divider-separator\">\n\t\t\t\t\t\t<\/span>\n\t\t<\/div>\n\t\t\t\t\t\t<\/div>\n\t\t\t\t<\/div>\n\t\t\t\t\t<\/div>\n\t\t<\/div>\n\t\t\t\t\t<\/div>\n\t\t<\/section>\n\t\t\t\t<section class=\"elementor-section elementor-top-section elementor-element elementor-element-2fc11c9 elementor-section-boxed elementor-section-height-default elementor-section-height-default\" data-id=\"2fc11c9\" data-element_type=\"section\">\n\t\t\t\t\t\t<div class=\"elementor-container elementor-column-gap-default\">\n\t\t\t\t\t<div class=\"elementor-column elementor-col-33 elementor-top-column elementor-element elementor-element-5bfa78b\" data-id=\"5bfa78b\" data-element_type=\"column\">\n\t\t\t<div class=\"elementor-widget-wrap\">\n\t\t\t\t\t\t\t<\/div>\n\t\t<\/div>\n\t\t\t\t<div class=\"elementor-column elementor-col-66 elementor-top-column elementor-element elementor-element-a5d77d4\" data-id=\"a5d77d4\" data-element_type=\"column\">\n\t\t\t<div class=\"elementor-widget-wrap elementor-element-populated\">\n\t\t\t\t\t\t<div class=\"elementor-element elementor-element-e9837a2 elementor-widget elementor-widget-heading\" data-id=\"e9837a2\" data-element_type=\"widget\" data-widget_type=\"heading.default\">\n\t\t\t\t<div class=\"elementor-widget-container\">\n\t\t\t\t\t<h2 class=\"elementor-heading-title elementor-size-default\">Hi, it's Aneta B. Bryzka here. A Polish language teacher who started sewing... during break\ntime!<\/h2>\t\t\t\t<\/div>\n\t\t\t\t<\/div>\n\t\t\t\t<div class=\"elementor-element elementor-element-44c3f31 elementor-widget elementor-widget-image\" data-id=\"44c3f31\" data-element_type=\"widget\" data-widget_type=\"image.default\">\n\t\t\t\t<div class=\"elementor-widget-container\">\n\t\t\t\t\t\t\t\t\t\t\t\t\t\t\t<img fetchpriority=\"high\" decoding=\"async\" width=\"1697\" height=\"2560\" src=\"https:\/\/bryzka.com\/wp-content\/uploads\/2022\/09\/1-scaled.jpg\" class=\"attachment-large size-large wp-image-18436\" alt=\"\" srcset=\"https:\/\/bryzka.com\/wp-content\/uploads\/2022\/09\/1-scaled.jpg 1697w, https:\/\/bryzka.com\/wp-content\/uploads\/2022\/09\/1-1018x1536.jpg 1018w, https:\/\/bryzka.com\/wp-content\/uploads\/2022\/09\/1-1358x2048.jpg 1358w, https:\/\/bryzka.com\/wp-content\/uploads\/2022\/09\/1-600x905.jpg 600w, https:\/\/bryzka.com\/wp-content\/uploads\/2022\/09\/1-331x500.jpg 331w\" sizes=\"(max-width: 1697px) 100vw, 1697px\" \/>\t\t\t\t\t\t\t\t\t\t\t\t\t\t\t<\/div>\n\t\t\t\t<\/div>\n\t\t\t\t<div class=\"elementor-element elementor-element-a30d1d7 elementor-widget elementor-widget-text-editor\" data-id=\"a30d1d7\" data-element_type=\"widget\" data-widget_type=\"text-editor.default\">\n\t\t\t\t<div class=\"elementor-widget-container\">\n\t\t\t\t\t\t\t\t\t<p dir=\"ltr\">From an early age I felt a strong need to express myself through clothes and accessories. Discouraged by chain stores and the repetition of the offered clothes, I discovered thrift shops, which I fell in love with from the first hunted gem. While studying Polish and working in schools in Lodz, I spent every free time looking for unique second-hand items. This confirmed my belief that in this way I can be 100% myself, and at the same time I do not contribute to the production of unethical clothing.<\/p><p dir=\"ltr\">However, for a long time I couldn&#8217;t find the perfect handbag that was primarily practical. I needed something where I could put the most important things (such as wallet, phone and keys) while having both hands free. So I decided to sew something like this! I signed up for a sewing course, found the perfect materials in a second hand store and that&#8217;s how my first bag was born!<\/p>\t\t\t\t\t\t\t\t<\/div>\n\t\t\t\t<\/div>\n\t\t\t\t\t<\/div>\n\t\t<\/div>\n\t\t\t\t\t<\/div>\n\t\t<\/section>\n\t\t\t\t<section class=\"elementor-section elementor-top-section elementor-element elementor-element-ec5088b elementor-section-height-min-height elementor-section-boxed elementor-section-height-default elementor-section-items-middle\" data-id=\"ec5088b\" data-element_type=\"section\" data-settings=\"{&quot;background_background&quot;:&quot;classic&quot;}\">\n\t\t\t\t\t\t<div class=\"elementor-container elementor-column-gap-default\">\n\t\t\t\t\t<div class=\"elementor-column elementor-col-100 elementor-top-column elementor-element elementor-element-95dd11b\" data-id=\"95dd11b\" data-element_type=\"column\">\n\t\t\t<div class=\"elementor-widget-wrap\">\n\t\t\t\t\t\t\t<\/div>\n\t\t<\/div>\n\t\t\t\t\t<\/div>\n\t\t<\/section>\n\t\t\t\t<section class=\"elementor-section elementor-top-section elementor-element elementor-element-b33565f elementor-section-boxed elementor-section-height-default elementor-section-height-default\" data-id=\"b33565f\" data-element_type=\"section\">\n\t\t\t\t\t\t<div class=\"elementor-container elementor-column-gap-default\">\n\t\t\t\t\t<div class=\"elementor-column elementor-col-66 elementor-top-column elementor-element elementor-element-e0c4af1\" data-id=\"e0c4af1\" data-element_type=\"column\">\n\t\t\t<div class=\"elementor-widget-wrap elementor-element-populated\">\n\t\t\t\t\t\t<div class=\"elementor-element elementor-element-f82e207 elementor-widget elementor-widget-heading\" data-id=\"f82e207\" data-element_type=\"widget\" data-widget_type=\"heading.default\">\n\t\t\t\t<div class=\"elementor-widget-container\">\n\t\t\t\t\t<h2 class=\"elementor-heading-title elementor-size-default\">Today, Bryzka is a small, independent company creating in line with the principles of slow\nfashion and recycling. <\/h2>\t\t\t\t<\/div>\n\t\t\t\t<\/div>\n\t\t\t\t<div class=\"elementor-element elementor-element-3f89cee elementor-widget elementor-widget-text-editor\" data-id=\"3f89cee\" data-element_type=\"widget\" data-widget_type=\"text-editor.default\">\n\t\t\t\t<div class=\"elementor-widget-container\">\n\t\t\t\t\t\t\t\t\t<p>Materials for waist packs and bags come from second-hand sources or<br \/>fabrics destined for disposal (such as end-of-series remnants or scraps from wholesalers). Embedded in the brand&#8217;s philosophy is the idea of zero waste, utilizing existing resources,<br \/>and supporting the local economy. All bags are crafted in a small workshop. I create them<br \/>myself with the help of my mom. I also collaborate with experienced seamstresses in Warsaw.<br \/>Each of my items is unique &#8211; due to the limited amount of material, I mainly sew individual<br \/>models. I also fulfill personalized orders. I&#8217;m happy to transform your favorite jacket or pants<br \/>into a waist pack, bag, backpack, cosmetics pouch, or yoga mat bag, giving the fabric a second<br \/>life. Creating beautiful and entirely new items from something old brings immense<br \/>satisfaction and contributes positively to our planet<\/p>\t\t\t\t\t\t\t\t<\/div>\n\t\t\t\t<\/div>\n\t\t\t\t<div class=\"elementor-element elementor-element-350b97c elementor-align-center elementor-widget elementor-widget-button\" data-id=\"350b97c\" data-element_type=\"widget\" data-widget_type=\"button.default\">\n\t\t\t\t<div class=\"elementor-widget-container\">\n\t\t\t\t\t\t\t\t\t<div class=\"elementor-button-wrapper\">\n\t\t\t\t\t<a class=\"elementor-button elementor-button-link elementor-size-sm\" href=\"https:\/\/bryzka.com\/en\/contact\/\">\n\t\t\t\t\t\t<span class=\"elementor-button-content-wrapper\">\n\t\t\t\t\t\t\t\t\t<span class=\"elementor-button-text\">CONTACT ME<\/span>\n\t\t\t\t\t<\/span>\n\t\t\t\t\t<\/a>\n\t\t\t\t<\/div>\n\t\t\t\t\t\t\t\t<\/div>\n\t\t\t\t<\/div>\n\t\t\t\t\t<\/div>\n\t\t<\/div>\n\t\t\t\t<div class=\"elementor-column elementor-col-33 elementor-top-column elementor-element elementor-element-ddc37d7 elementor-hidden-mobile\" data-id=\"ddc37d7\" data-element_type=\"column\">\n\t\t\t<div class=\"elementor-widget-wrap elementor-element-populated\">\n\t\t\t\t\t\t<div class=\"elementor-element elementor-element-b58717b elementor-hidden-mobile elementor-widget elementor-widget-image\" data-id=\"b58717b\" data-element_type=\"widget\" data-widget_type=\"image.default\">\n\t\t\t\t<div class=\"elementor-widget-container\">\n\t\t\t\t\t\t\t\t\t\t\t\t\t\t\t<img decoding=\"async\" width=\"1538\" height=\"2048\" src=\"https:\/\/bryzka.com\/wp-content\/uploads\/2022\/01\/P1460693-1538x2048-1.jpeg\" class=\"attachment-large size-large wp-image-17350\" alt=\"\" srcset=\"https:\/\/bryzka.com\/wp-content\/uploads\/2022\/01\/P1460693-1538x2048-1.jpeg 1538w, https:\/\/bryzka.com\/wp-content\/uploads\/2022\/01\/P1460693-1538x2048-1-1154x1536.jpeg 1154w, https:\/\/bryzka.com\/wp-content\/uploads\/2022\/01\/P1460693-1538x2048-1-600x799.jpeg 600w, https:\/\/bryzka.com\/wp-content\/uploads\/2022\/01\/P1460693-1538x2048-1-375x500.jpeg 375w\" sizes=\"(max-width: 1538px) 100vw, 1538px\" \/>\t\t\t\t\t\t\t\t\t\t\t\t\t\t\t<\/div>\n\t\t\t\t<\/div>\n\t\t\t\t\t<\/div>\n\t\t<\/div>\n\t\t\t\t\t<\/div>\n\t\t<\/section>\n\t\t\t\t<section class=\"elementor-section elementor-top-section elementor-element elementor-element-aa206df elementor-section-boxed elementor-section-height-default elementor-section-height-default\" data-id=\"aa206df\" data-element_type=\"section\" data-settings=\"{&quot;background_background&quot;:&quot;classic&quot;}\">\n\t\t\t\t\t\t<div class=\"elementor-container elementor-column-gap-default\">\n\t\t\t\t\t<div class=\"elementor-column elementor-col-100 elementor-top-column elementor-element elementor-element-d757078\" data-id=\"d757078\" data-element_type=\"column\">\n\t\t\t<div class=\"elementor-widget-wrap elementor-element-populated\">\n\t\t\t\t\t\t<div class=\"elementor-element elementor-element-9cfdd79 elementor-widget-divider--view-line elementor-widget elementor-widget-divider\" data-id=\"9cfdd79\" data-element_type=\"widget\" data-widget_type=\"divider.default\">\n\t\t\t\t<div class=\"elementor-widget-container\">\n\t\t\t\t\t\t\t<div class=\"elementor-divider\">\n\t\t\t<span class=\"elementor-divider-separator\">\n\t\t\t\t\t\t<\/span>\n\t\t<\/div>\n\t\t\t\t\t\t<\/div>\n\t\t\t\t<\/div>\n\t\t\t\t<div class=\"elementor-element elementor-element-c8cb1d6 elementor-widget elementor-widget-heading\" data-id=\"c8cb1d6\" data-element_type=\"widget\" data-widget_type=\"heading.default\">\n\t\t\t\t<div class=\"elementor-widget-container\">\n\t\t\t\t\t<h2 class=\"elementor-heading-title elementor-size-default\"><a href=\"https:\/\/bryzka.com\/en\/kategoria-produktu\/fanny-bags\/\">SHOPPING<\/a><\/h2>\t\t\t\t<\/div>\n\t\t\t\t<\/div>\n\t\t\t\t\t<\/div>\n\t\t<\/div>\n\t\t\t\t\t<\/div>\n\t\t<\/section>\n\t\t\t\t<section class=\"elementor-section elementor-top-section elementor-element elementor-element-fada0ca elementor-section-boxed elementor-section-height-default elementor-section-height-default\" data-id=\"fada0ca\" data-element_type=\"section\" data-settings=\"{&quot;background_background&quot;:&quot;classic&quot;}\">\n\t\t\t\t\t\t<div class=\"elementor-container elementor-column-gap-default\">\n\t\t\t\t\t<div class=\"elementor-column elementor-col-50 elementor-top-column elementor-element elementor-element-f624bcd\" data-id=\"f624bcd\" data-element_type=\"column\">\n\t\t\t<div class=\"elementor-widget-wrap elementor-element-populated\">\n\t\t\t\t\t\t<div class=\"elementor-element elementor-element-eca54d5 elementor-position-top elementor-widget elementor-widget-image-box\" data-id=\"eca54d5\" data-element_type=\"widget\" data-widget_type=\"image-box.default\">\n\t\t\t\t<div class=\"elementor-widget-container\">\n\t\t\t\t\t<div class=\"elementor-image-box-wrapper\"><figure class=\"elementor-image-box-img\"><a href=\"https:\/\/bryzka.com\/en\/kategoria-produktu\/fanny-bags\/\" tabindex=\"-1\"><img decoding=\"async\" width=\"959\" height=\"480\" src=\"https:\/\/bryzka.com\/wp-content\/uploads\/2022\/01\/DSC03000_2.png\" class=\"attachment-full size-full wp-image-10524\" alt=\"\" srcset=\"https:\/\/bryzka.com\/wp-content\/uploads\/2022\/01\/DSC03000_2.png 959w, https:\/\/bryzka.com\/wp-content\/uploads\/2022\/01\/DSC03000_2-600x300.png 600w, https:\/\/bryzka.com\/wp-content\/uploads\/2022\/01\/DSC03000_2-500x250.png 500w\" sizes=\"(max-width: 959px) 100vw, 959px\" \/><\/a><\/figure><div class=\"elementor-image-box-content\"><h3 class=\"elementor-image-box-title\"><a href=\"https:\/\/bryzka.com\/en\/kategoria-produktu\/fanny-bags\/\">Shop<\/a><\/h3><p class=\"elementor-image-box-description\">Visit the e-shop, choose your unique kidney and place an order<br>on-line. The kidneys are made in the process of handicraft from recycled materials, thanks to which most of them are upcycling unique items.<\/p><\/div><\/div>\t\t\t\t<\/div>\n\t\t\t\t<\/div>\n\t\t\t\t\t<\/div>\n\t\t<\/div>\n\t\t\t\t<div class=\"elementor-column elementor-col-50 elementor-top-column elementor-element elementor-element-c122575\" data-id=\"c122575\" data-element_type=\"column\">\n\t\t\t<div class=\"elementor-widget-wrap elementor-element-populated\">\n\t\t\t\t\t\t<div class=\"elementor-element elementor-element-697499f elementor-position-top elementor-widget elementor-widget-image-box\" data-id=\"697499f\" data-element_type=\"widget\" data-widget_type=\"image-box.default\">\n\t\t\t\t<div class=\"elementor-widget-container\">\n\t\t\t\t\t<div class=\"elementor-image-box-wrapper\"><figure class=\"elementor-image-box-img\"><a href=\"https:\/\/bryzka.com\/en\/custom-order\/\" tabindex=\"-1\"><img loading=\"lazy\" decoding=\"async\" width=\"2560\" height=\"1280\" src=\"https:\/\/bryzka.com\/wp-content\/uploads\/2022\/01\/3-scaled_2.png\" class=\"attachment-full size-full wp-image-10525\" alt=\"\" srcset=\"https:\/\/bryzka.com\/wp-content\/uploads\/2022\/01\/3-scaled_2.png 2560w, https:\/\/bryzka.com\/wp-content\/uploads\/2022\/01\/3-scaled_2-1536x768.png 1536w, https:\/\/bryzka.com\/wp-content\/uploads\/2022\/01\/3-scaled_2-2048x1024.png 2048w, https:\/\/bryzka.com\/wp-content\/uploads\/2022\/01\/3-scaled_2-600x300.png 600w, https:\/\/bryzka.com\/wp-content\/uploads\/2022\/01\/3-scaled_2-500x250.png 500w\" sizes=\"(max-width: 2560px) 100vw, 2560px\" \/><\/a><\/figure><div class=\"elementor-image-box-content\"><h3 class=\"elementor-image-box-title\"><a href=\"https:\/\/bryzka.com\/en\/custom-order\/\">Custom Order<br><\/a><\/h3><p class=\"elementor-image-box-description\">Do you have material from which we can sew aunique hip bag? Reach out to us! We'll gladly\ndesign something unique for you and together, contribute our eco-brick to creating a better\nworld.<\/p><\/div><\/div>\t\t\t\t<\/div>\n\t\t\t\t<\/div>\n\t\t\t\t\t<\/div>\n\t\t<\/div>\n\t\t\t\t\t<\/div>\n\t\t<\/section>\n\t\t\t\t<\/div>\n\t\t","protected":false},"excerpt":{"rendered":"<p>You can&#8217;t change the world, but you can change your purse&#8230; \u015bwiata nie zmienisz, ale nerk\u0119 mo\u017cesz Bryzka was born out of a need for independence and rebellion against consumerism. Ourproducts are a response to mass production, the fast pace of life, and the pursuit of novelty.Most of what we need to produce our waist [&hellip;]<\/p>\n","protected":false},"author":3,"featured_media":0,"parent":0,"menu_order":0,"comment_status":"closed","ping_status":"closed","template":"","meta":{"footnotes":""},"class_list":["post-19628","page","type-page","status-publish","hentry"],"_links":{"self":[{"href":"https:\/\/bryzka.com\/en\/wp-json\/wp\/v2\/pages\/19628","targetHints":{"allow":["GET"]}}],"collection":[{"href":"https:\/\/bryzka.com\/en\/wp-json\/wp\/v2\/pages"}],"about":[{"href":"https:\/\/bryzka.com\/en\/wp-json\/wp\/v2\/types\/page"}],"author":[{"embeddable":true,"href":"https:\/\/bryzka.com\/en\/wp-json\/wp\/v2\/users\/3"}],"replies":[{"embeddable":true,"href":"https:\/\/bryzka.com\/en\/wp-json\/wp\/v2\/comments?post=19628"}],"version-history":[{"count":30,"href":"https:\/\/bryzka.com\/en\/wp-json\/wp\/v2\/pages\/19628\/revisions"}],"predecessor-version":[{"id":23842,"href":"https:\/\/bryzka.com\/en\/wp-json\/wp\/v2\/pages\/19628\/revisions\/23842"}],"wp:attachment":[{"href":"https:\/\/bryzka.com\/en\/wp-json\/wp\/v2\/media?parent=19628"}],"curies":[{"name":"wp","href":"https:\/\/api.w.org\/{rel}","templated":true}]}}